{"id":3476,"date":"2025-03-29T02:53:54","date_gmt":"2025-03-29T02:53:54","guid":{"rendered":"https:\/\/horizon-recruitment.com\/candidate-referral-policy-europe\/"},"modified":"2025-03-30T02:41:27","modified_gmt":"2025-03-30T02:41:27","slug":"candidate-referral-policy-europe","status":"publish","type":"page","link":"https:\/\/horizon-recruitment.com\/de\/candidate-referral-policy-europe\/","title":{"rendered":"KANDIDATEN-EMPFEHLUNGSPROGRAMM-STRUKTUR"},"content":{"rendered":"\t\t<div data-elementor-type=\"wp-page\" data-elementor-id=\"3476\" class=\"elementor elementor-3476\" data-elementor-post-type=\"page\">\n\t\t\t\t<div class=\"elementor-element elementor-element-b4f81d2 e-con-full e-flex e-con e-parent\" data-id=\"b4f81d2\" data-element_type=\"container\">\n\t\t\t\t<div class=\"elementor-element elementor-element-c04dfce elementor-widget__width-initial elementor-widget elementor-widget-text-editor\" data-id=\"c04dfce\" data-element_type=\"widget\" data-widget_type=\"text-editor.default\">\n\t\t\t\t<div class=\"elementor-widget-container\">\n\t\t\t\t\t\t\t\t\t<p>Was qualifiziert als eine Empfehlung?<\/p><ol><li>Name<\/li><li>Telefonnummer &amp; pers\u00f6nliche E-Mail-Adresse<\/li><li>Beworbene Position<\/li><li>Lebenslauf des Kandidaten ist ein Bonus<\/li><\/ol><h2>Bewerbungsphase<\/h2><ul><li>Der empfohlene Kandidat erh\u00e4lt eine Anfrage f\u00fcr ein Erstgespr\u00e4ch von unserem Kunden.<\/li><li>Der empfohlene Kandidat erh\u00e4lt eine Anfrage f\u00fcr ein Zweitgespr\u00e4ch von unserem Kunden.<\/li><li>Der empfohlene Kandidat hat alle Interviewphasen bestanden und einen Jobangebot sowie einen unterschriebenen Vertrag von unserem Kunden erhalten.<\/li><li>Der empfohlene Kandidat hat die vorgeschriebene Probezeit bei seinem neuen Arbeitgeber erfolgreich abgeschlossen.<\/li><\/ul><h2>ALLE EMPFEHLUNGEN WERDEN \u00dcBER BANK\u00dcBERWEISUNG BEZAHLT<\/h2><p>Bitte beachten Sie, dass nur die erste Platzierung des Bewerbers eine Zahlung zur Folge hat; nachfolgende Platzierungen\/Interviews sind nicht zahlungsberechtigt.<\/p><h2>BEDINGUNGEN UND BESTIMMUNGEN<\/h2><ol><li style=\"list-style-type: none;\"><ol><li><p><strong>Anwendungsbereich:<\/strong> <br \/>Diese Bedingungen gelten f\u00fcr alle Teilnehmer des Empfehlungsprogramms der Horizon Recruitment Limited, im Folgenden als &#8222;das Unternehmen&#8220; bezeichnet.<\/p><\/li><li><p><strong>Berechtigung:<\/strong> <br \/>Berechtigte Teilnehmer sind nat\u00fcrliche Personen, die mindestens 18 Jahre alt sind und in Deutschland wohnen.<\/p><\/li><li><strong>Empfehlungsprozess<\/strong><br \/><br \/><ul><li>Teilnehmer k\u00f6nnen potenzielle Kandidaten empfehlen, indem sie deren Kontaktdaten \u00fcber das bereitgestellte Formular einreichen.<\/li><li>Die Empfehlung wird nur ber\u00fccksichtigt, wenn der empfohlene Kandidat das Unternehmen zum ersten Mal kontaktiert.<\/li><\/ul><\/li><li><strong>Belohnungen<\/strong><br \/><br \/><ul><li>F\u00fcr jede erfolgreiche Platzierung eines empfohlenen Kandidaten erh\u00e4lt der Teilnehmer eine Belohnung von 300,00 \u20ac.<\/li><li>Die Belohnung wird nach der erfolgreichen Einstellung und dem Abschluss der Probezeit des Kandidaten ausgezahlt.<\/li><\/ul><\/li><li><strong>Ausschluss von Belohnungen<\/strong><br \/><br \/><ul><li>Empfehlungen von Personen, die bereits im Bewerbungsprozess sind oder in den letzten 12 Monaten mit dem Unternehmen in Kontakt standen, sind ausgeschlossen.<\/li><li>Das Unternehmen beh\u00e4lt sich das Recht vor, Empfehlungen abzulehnen, die gegen diese Bedingungen versto\u00dfen.<\/li><\/ul><\/li><li><p><strong>Datenschutz<\/strong>:<br \/>Die Daten der empfohlenen Kandidaten werden gem\u00e4\u00df den geltenden Datenschutzvorschriften, einschlie\u00dflich der Datenschutz-Grundverordnung (DSGVO) der Europ\u00e4ischen Union, verarbeitet. Die Teilnehmer stimmen zu, die Zustimmung der empfohlenen Personen zur Offenlegung ihrer Daten einzuholen, bevor sie diese Informationen an das Unternehmen senden.<\/p><\/li><li><p><strong>\u00c4nderungen der Bedingungen:<\/strong><br \/>Das Unternehmen beh\u00e4lt sich das Recht vor, diese Bedingungen jederzeit zu \u00e4ndern. \u00c4nderungen werden den Teilnehmern zeitnah mitgeteilt.<\/p><\/li><li><p><strong>Haftung:<\/strong> <br \/>Das Unternehmen haftet nicht f\u00fcr Sch\u00e4den, die aus der Teilnahme am Empfehlungsprogramm entstehen, es sei denn, es liegt Vorsatz oder grobe Fahrl\u00e4ssigkeit vor. Das Unternehmen \u00fcbernimmt keine Haftung, wenn pers\u00f6nliche Daten nicht korrekt eingegeben werden. Die angegebene E-Mail-Adresse und alle pers\u00f6nlichen Daten m\u00fcssen genau sein, um eine ordnungsgem\u00e4\u00dfe Benachrichtigung im Falle einer Belohnungsauszahlung zu gew\u00e4hrleisten.<\/p><\/li><li><p><strong>Sonstiges:<\/strong> <br \/>Das Unternehmen wird von allen Verpflichtungen entbunden, sobald die Belohnung \u00fcbergeben wird. Das Unternehmen beh\u00e4lt sich das Recht vor, das Horizon Referral Programm jederzeit ohne vorherige Ank\u00fcndigung und ohne Angabe von Gr\u00fcnden zu beenden. Der Rechtsweg ist ausgeschlossen.<\/p><\/li><\/ol><\/li><\/ol>\t\t\t\t\t\t\t\t<\/div>\n\t\t\t\t<\/div>\n\t\t\t\t<\/div>\n\t\t\t\t<\/div>\n\t\t","protected":false},"excerpt":{"rendered":"<p>Was qualifiziert als eine Empfehlung? Name Telefonnummer &amp; pers\u00f6nliche E-Mail-Adresse Beworbene Position Lebenslauf des Kandidaten ist ein Bonus Bewerbungsphase Der empfohlene Kandidat erh\u00e4lt eine Anfrage f\u00fcr ein Erstgespr\u00e4ch von unserem Kunden. Der empfohlene Kandidat erh\u00e4lt eine Anfrage f\u00fcr ein Zweitgespr\u00e4ch von unserem Kunden. Der empfohlene Kandidat hat alle Interviewphasen bestanden und einen Jobangebot sowie einen [&hellip;]<\/p>\n","protected":false},"author":1,"featured_media":0,"parent":0,"menu_order":0,"comment_status":"closed","ping_status":"closed","template":"","meta":{"_acf_changed":false,"footnotes":""},"class_list":["post-3476","page","type-page","status-publish","hentry"],"acf":[],"_links":{"self":[{"href":"https:\/\/horizon-recruitment.com\/de\/wp-json\/wp\/v2\/pages\/3476","targetHints":{"allow":["GET"]}}],"collection":[{"href":"https:\/\/horizon-recruitment.com\/de\/wp-json\/wp\/v2\/pages"}],"about":[{"href":"https:\/\/horizon-recruitment.com\/de\/wp-json\/wp\/v2\/types\/page"}],"author":[{"embeddable":true,"href":"https:\/\/horizon-recruitment.com\/de\/wp-json\/wp\/v2\/users\/1"}],"replies":[{"embeddable":true,"href":"https:\/\/horizon-recruitment.com\/de\/wp-json\/wp\/v2\/comments?post=3476"}],"version-history":[{"count":13,"href":"https:\/\/horizon-recruitment.com\/de\/wp-json\/wp\/v2\/pages\/3476\/revisions"}],"predecessor-version":[{"id":3512,"href":"https:\/\/horizon-recruitment.com\/de\/wp-json\/wp\/v2\/pages\/3476\/revisions\/3512"}],"wp:attachment":[{"href":"https:\/\/horizon-recruitment.com\/de\/wp-json\/wp\/v2\/media?parent=3476"}],"curies":[{"name":"wp","href":"https:\/\/api.w.org\/{rel}","templated":true}]}}