{"id":3474,"date":"2025-03-29T02:51:21","date_gmt":"2025-03-29T02:51:21","guid":{"rendered":"https:\/\/horizon-recruitment.com\/candidate-referral-policy\/"},"modified":"2025-03-30T02:28:43","modified_gmt":"2025-03-30T02:28:43","slug":"candidate-referral-policy","status":"publish","type":"page","link":"https:\/\/horizon-recruitment.com\/de\/candidate-referral-policy\/","title":{"rendered":"Empfehlungs-richtlinie f\u00fcr Kandidaten"},"content":{"rendered":"\t\t<div data-elementor-type=\"wp-page\" data-elementor-id=\"3474\" class=\"elementor elementor-3474 elementor-2899\" data-elementor-post-type=\"page\">\n\t\t\t\t<div class=\"elementor-element elementor-element-1fdd6e3 e-con-full e-flex e-con e-parent\" data-id=\"1fdd6e3\" data-element_type=\"container\">\n\t\t\t\t<div class=\"elementor-element elementor-element-59e27cf elementor-widget__width-initial elementor-widget elementor-widget-text-editor\" data-id=\"59e27cf\" data-element_type=\"widget\" data-widget_type=\"text-editor.default\">\n\t\t\t\t<div class=\"elementor-widget-container\">\n\t\t\t\t\t\t\t\t\t<p>Was qualifiziert eine Empfehlung?<\/p><ol><li>Vollst\u00e4ndiger Name<\/li><li>Kontaktdaten und Anschrift<\/li><li>Beworbene Position<\/li><li>Lebenslauf des Kandidat*in ist ein Bonus ($ 500 HKD)<\/li><\/ol><h2>Struktur des Empfehlungs-programms<\/h2><p><em>Bewerbungsphase<\/em><\/p><ul><li>Der\/Die empfohlene Kandidat<em>in hat von unseren Kunden<\/em>in eine Interviewanfrage f\u00fcr die erste Stufe erhalten<\/li><li>Der\/Die empfohlene Kandidat<em>in hat von unsere\/m Kunden<\/em>in eine Interviewanfrage f\u00fcr die 2. Stufe erhalten<\/li><li>Der\/Die empfohlene Kandidat<em>in hat alle Phasen des Vorstellungsgespr\u00e4chs bestanden und von unsere\/m Kunden<\/em>in ein Stellenangebot und einen unterschriebenen Vertrag erhalten<\/li><li>Der\/Die empfohlene Kandidat*in hat die vorgeschriebene Probezeit bei seinem neuen Arbeitgeber erfolgreich abgeschlossen.<\/li><\/ul><h2>Alle Empfehlungen werden in BAR oder PAYME bezahlt<\/h2><p>Abholzeit von Montag bis Freitag an jedem Werktag von 11:00 bis 18:30 Uhr.<\/p><p>*Bitte beachten Sie, dass nur die erste Platzierung des Bewerbers zu einer Zahlung f\u00fchrt, jede nachfolgende Platzierung\/ein nachfolgendes Vorstellungsgespr\u00e4ch ist nicht zahlungsberechtigt.<\/p><h2>Gesch\u00e4ftsbedingungen<\/h2><p>Wenn Sie eine\/n Kandidaten*in an Horizon empfehlen, haben Sie gem\u00e4\u00df unserer Empfehlungsstruktur m\u00f6glicherweise Anspruch auf eine Empfehlungszahlung.<\/p><p>Nur die erste Vermittlung der empfohlenen Person ist zahlungsberechtigt, alle weiteren Vermittlungen sind nicht f\u00f6rderf\u00e4hig.<\/p><p>Um die Empfehlungszahlung zu beantragen, wenden Sie sich bitte an Ihren Personalberater. Sie m\u00fcssen die Zahlung innerhalb von 4 Wochen einfordern, andernfalls wird davon ausgegangen, dass Sie auf Ihren Anspruch darauf verzichtet haben.<\/p><p>Die Zahlung ist nicht \u00fcbertragbar (z. B. f\u00fcr eine Geschenkkarte) und wir behalten uns das Recht vor, jederzeit eine alternative Pr\u00e4mie im gleichen Wert anzubieten. Wir behalten uns das Recht vor, das Empfehlungsprogramm jederzeit und ohne Vorank\u00fcndigung ganz oder teilweise zu \u00e4ndern oder zu beenden.<\/p><p>Sie sollten die Zustimmung der Kandidaten*in einholen, den Sie an Horizon verweisen, bevor Sie uns dessen Daten mitteilen. Unser Empfehlungsprogramm wird in \u00dcbereinstimmung mit unserer Datenschutzrichtlinie betrieben.<\/p><p>Wenn wir die Informationen der Kandidaten*in bereits fr\u00fcher erhalten haben (bis zu einem Zeitraum von 6 Monaten), werden wir einen entsprechenden Nachweis dar\u00fcber vorlegen, wann wir die Informationen erhalten haben. Nach der Best\u00e4tigung ist die Zahlung nicht f\u00fcr die bereitgestellte Empfehlung qualifiziert.<\/p>\t\t\t\t\t\t\t\t<\/div>\n\t\t\t\t<\/div>\n\t\t\t\t<\/div>\n\t\t\t\t<\/div>\n\t\t","protected":false},"excerpt":{"rendered":"<p>Was qualifiziert eine Empfehlung? Vollst\u00e4ndiger Name Kontaktdaten und Anschrift Beworbene Position Lebenslauf des Kandidat*in ist ein Bonus ($ 500 HKD) Struktur des Empfehlungs-programms Bewerbungsphase Der\/Die empfohlene Kandidatin hat von unseren Kundenin eine Interviewanfrage f\u00fcr die erste Stufe erhalten Der\/Die empfohlene Kandidatin hat von unsere\/m Kundenin eine Interviewanfrage f\u00fcr die 2. Stufe erhalten Der\/Die empfohlene Kandidatin [&hellip;]<\/p>\n","protected":false},"author":1,"featured_media":0,"parent":0,"menu_order":0,"comment_status":"closed","ping_status":"closed","template":"","meta":{"_acf_changed":false,"footnotes":""},"class_list":["post-3474","page","type-page","status-publish","hentry"],"acf":[],"_links":{"self":[{"href":"https:\/\/horizon-recruitment.com\/de\/wp-json\/wp\/v2\/pages\/3474","targetHints":{"allow":["GET"]}}],"collection":[{"href":"https:\/\/horizon-recruitment.com\/de\/wp-json\/wp\/v2\/pages"}],"about":[{"href":"https:\/\/horizon-recruitment.com\/de\/wp-json\/wp\/v2\/types\/page"}],"author":[{"embeddable":true,"href":"https:\/\/horizon-recruitment.com\/de\/wp-json\/wp\/v2\/users\/1"}],"replies":[{"embeddable":true,"href":"https:\/\/horizon-recruitment.com\/de\/wp-json\/wp\/v2\/comments?post=3474"}],"version-history":[{"count":13,"href":"https:\/\/horizon-recruitment.com\/de\/wp-json\/wp\/v2\/pages\/3474\/revisions"}],"predecessor-version":[{"id":3499,"href":"https:\/\/horizon-recruitment.com\/de\/wp-json\/wp\/v2\/pages\/3474\/revisions\/3499"}],"wp:attachment":[{"href":"https:\/\/horizon-recruitment.com\/de\/wp-json\/wp\/v2\/media?parent=3474"}],"curies":[{"name":"wp","href":"https:\/\/api.w.org\/{rel}","templated":true}]}}