{"id":3146,"date":"2025-03-22T12:16:31","date_gmt":"2025-03-22T12:16:31","guid":{"rendered":"https:\/\/horizon-recruitment.com\/services\/"},"modified":"2025-10-19T20:21:18","modified_gmt":"2025-10-19T20:21:18","slug":"services","status":"publish","type":"page","link":"https:\/\/horizon-recruitment.com\/de\/services\/","title":{"rendered":"Dienstleistungen"},"content":{"rendered":"\t\t<div data-elementor-type=\"wp-page\" data-elementor-id=\"3146\" class=\"elementor elementor-3146 elementor-66\" data-elementor-post-type=\"page\">\n\t\t\t\t<div class=\"elementor-element elementor-element-518d87b e-con-full e-flex e-con e-parent\" data-id=\"518d87b\" data-element_type=\"container\">\n\t\t\t\t<div class=\"elementor-element elementor-element-1ac8263 elementor-widget elementor-widget-image\" data-id=\"1ac8263\" data-element_type=\"widget\" data-widget_type=\"image.default\">\n\t\t\t\t<div class=\"elementor-widget-container\">\n\t\t\t\t\t\t\t\t\t\t\t\t\t\t\t<img fetchpriority=\"high\" decoding=\"async\" width=\"1500\" height=\"900\" src=\"https:\/\/horizon-recruitment.com\/wp-content\/uploads\/2025\/03\/horizon-recruitment-1.jpg\" class=\"attachment-full size-full wp-image-334\" alt=\"\" srcset=\"https:\/\/horizon-recruitment.com\/wp-content\/uploads\/2025\/03\/horizon-recruitment-1.jpg 1500w, https:\/\/horizon-recruitment.com\/wp-content\/uploads\/2025\/03\/horizon-recruitment-1-300x180.jpg 300w, https:\/\/horizon-recruitment.com\/wp-content\/uploads\/2025\/03\/horizon-recruitment-1-1024x614.jpg 1024w, https:\/\/horizon-recruitment.com\/wp-content\/uploads\/2025\/03\/horizon-recruitment-1-768x461.jpg 768w\" sizes=\"(max-width: 1500px) 100vw, 1500px\" \/>\t\t\t\t\t\t\t\t\t\t\t\t\t\t\t<\/div>\n\t\t\t\t<\/div>\n\t\t\t\t<div class=\"elementor-element elementor-element-c765691 lhead elementor-widget elementor-widget-heading\" data-id=\"c765691\" data-element_type=\"widget\" data-widget_type=\"heading.default\">\n\t\t\t\t<div class=\"elementor-widget-container\">\n\t\t\t\t\t<h1 class=\"elementor-heading-title elementor-size-default\"><em>Wir sind bestrebt,<\/em> <em>weltweit schnelle,<\/em><em>zuverl\u00e4ssige<\/em> <em>und<\/em> <em>qualitativ hochwertige<\/em> <em>Verbindungen bereitzustelle<\/em> <\/h1>\t\t\t\t<\/div>\n\t\t\t\t<\/div>\n\t\t\t\t<\/div>\n\t\t<div class=\"elementor-element elementor-element-2e2698a e-con-full e-flex e-con e-parent\" data-id=\"2e2698a\" data-element_type=\"container\">\n\t\t\t\t<div class=\"elementor-element elementor-element-1d8c909 ltext elementor-widget elementor-widget-text-editor\" data-id=\"1d8c909\" data-element_type=\"widget\" data-widget_type=\"text-editor.default\">\n\t\t\t\t<div class=\"elementor-widget-container\">\n\t\t\t\t\t\t\t\t\t<p>Bei Horizon sind wir auf unbefristete und befristete Anstellungen f\u00fcr Europa und APAC in der Telekommunikationsbranche spezialisiert, insbesondere in den folgenden Bereichen:<\/p><ul><li>Mobilfunk Infrastruktur<\/li><li>Glasfaser Infrastruktur<\/li><li>Datenzentren und IT Infrastruktur<\/li><li>Nachhaltigkeit und erneuerbaren Energien<\/li><\/ul>\t\t\t\t\t\t\t\t<\/div>\n\t\t\t\t<\/div>\n\t\t\t\t<div class=\"elementor-element elementor-element-bfeea9b ltext elementor-widget__width-initial elementor-widget elementor-widget-text-editor\" data-id=\"bfeea9b\" data-element_type=\"widget\" data-widget_type=\"text-editor.default\">\n\t\t\t\t<div class=\"elementor-widget-container\">\n\t\t\t\t\t\t\t\t\t<p>Unser internationales Netzwerk, unsere Pr\u00e4senz sowie unsere Professionalit\u00e4t und unsere speziellen Marktkenntnisse stellen sicher, dass wir im Rahmen unserer Gr\u00fcndungsphilosophie sowohl unseren Kund*innen als auch Kandidat*innen nur die h\u00f6chste Servicequalit\u00e4t bieten.<\/p>\t\t\t\t\t\t\t\t<\/div>\n\t\t\t\t<\/div>\n\t\t<div class=\"elementor-element elementor-element-403c634 e-con-full e-flex e-con e-child\" data-id=\"403c634\" data-element_type=\"container\">\n\t\t\t\t<div class=\"elementor-element elementor-element-e7cd9f1 ltext elementor-widget__width-initial elementor-widget elementor-widget-text-editor\" data-id=\"e7cd9f1\" data-element_type=\"widget\" data-widget_type=\"text-editor.default\">\n\t\t\t\t<div class=\"elementor-widget-container\">\n\t\t\t\t\t\t\t\t\t<p>Wir sind jung, aber wir hinterfragen die Art und Weise der Personalvermittlung st\u00e4ndig und entwickeln uns aktiv weiter, um den aktuellen Markttrends und den Bed\u00fcrfnissen unserer Kunden gerecht zu werden.<\/p>\t\t\t\t\t\t\t\t<\/div>\n\t\t\t\t<\/div>\n\t\t\t\t<\/div>\n\t\t<div class=\"elementor-element elementor-element-7609e32 e-con-full e-flex e-con e-child\" data-id=\"7609e32\" data-element_type=\"container\">\n\t\t\t\t<div class=\"elementor-element elementor-element-d766a13 ltext elementor-widget__width-initial elementor-widget elementor-widget-text-editor\" data-id=\"d766a13\" data-element_type=\"widget\" data-widget_type=\"text-editor.default\">\n\t\t\t\t<div class=\"elementor-widget-container\">\n\t\t\t\t\t\t\t\t\t<p><strong>Einblicke<\/strong> Wir sind Experten in den M\u00e4rkten und Branchen, in denen wir t\u00e4tig sind. Wir sprechen die Sprache und wissen genau, wie die richtige Verbindung aussieht.<\/p>\t\t\t\t\t\t\t\t<\/div>\n\t\t\t\t<\/div>\n\t\t\t\t<div class=\"elementor-element elementor-element-ba8affb ltext elementor-widget__width-initial elementor-widget elementor-widget-text-editor\" data-id=\"ba8affb\" data-element_type=\"widget\" data-widget_type=\"text-editor.default\">\n\t\t\t\t<div class=\"elementor-widget-container\">\n\t\t\t\t\t\t\t\t\t<p><strong>Partnerschaften<\/strong> Wir bauen Verbindungen zu unseren Kunden und unseren Talenten auf und bieten einen Service, der seinesgleichen sucht und auf Vertrauen und Partnerschaften basiert.<\/p>\t\t\t\t\t\t\t\t<\/div>\n\t\t\t\t<\/div>\n\t\t\t\t<\/div>\n\t\t\t\t<div class=\"elementor-element elementor-element-a3eb289 ltext elementor-widget__width-initial elementor-widget elementor-widget-text-editor\" data-id=\"a3eb289\" data-element_type=\"widget\" data-widget_type=\"text-editor.default\">\n\t\t\t\t<div class=\"elementor-widget-container\">\n\t\t\t\t\t\t\t\t\t<p><strong>Chancen<\/strong> Wir erm\u00f6glichen Chancen, indem wir die richtigen Talente mit dem richtigen Unternehmen verbinden und so Innovation und Wachstum vorantreiben.<\/p>\t\t\t\t\t\t\t\t<\/div>\n\t\t\t\t<\/div>\n\t\t\t\t<\/div>\n\t\t\t\t<\/div>\n\t\t","protected":false},"excerpt":{"rendered":"<p>Wir sind bestrebt, weltweit schnelle,zuverl\u00e4ssige und qualitativ hochwertige Verbindungen bereitzustelle Bei Horizon sind wir auf unbefristete und befristete Anstellungen f\u00fcr Europa und APAC in der Telekommunikationsbranche spezialisiert, insbesondere in den folgenden Bereichen: Mobilfunk Infrastruktur Glasfaser Infrastruktur Datenzentren und IT Infrastruktur Nachhaltigkeit und erneuerbaren Energien Unser internationales Netzwerk, unsere Pr\u00e4senz sowie unsere Professionalit\u00e4t und unsere speziellen [&hellip;]<\/p>\n","protected":false},"author":1,"featured_media":0,"parent":0,"menu_order":0,"comment_status":"closed","ping_status":"closed","template":"","meta":{"_acf_changed":false,"footnotes":""},"class_list":["post-3146","page","type-page","status-publish","hentry"],"acf":[],"_links":{"self":[{"href":"https:\/\/horizon-recruitment.com\/de\/wp-json\/wp\/v2\/pages\/3146","targetHints":{"allow":["GET"]}}],"collection":[{"href":"https:\/\/horizon-recruitment.com\/de\/wp-json\/wp\/v2\/pages"}],"about":[{"href":"https:\/\/horizon-recruitment.com\/de\/wp-json\/wp\/v2\/types\/page"}],"author":[{"embeddable":true,"href":"https:\/\/horizon-recruitment.com\/de\/wp-json\/wp\/v2\/users\/1"}],"replies":[{"embeddable":true,"href":"https:\/\/horizon-recruitment.com\/de\/wp-json\/wp\/v2\/comments?post=3146"}],"version-history":[{"count":4,"href":"https:\/\/horizon-recruitment.com\/de\/wp-json\/wp\/v2\/pages\/3146\/revisions"}],"predecessor-version":[{"id":3150,"href":"https:\/\/horizon-recruitment.com\/de\/wp-json\/wp\/v2\/pages\/3146\/revisions\/3150"}],"wp:attachment":[{"href":"https:\/\/horizon-recruitment.com\/de\/wp-json\/wp\/v2\/media?parent=3146"}],"curies":[{"name":"wp","href":"https:\/\/api.w.org\/{rel}","templated":true}]}}