{"id":3120,"date":"2025-03-22T12:16:42","date_gmt":"2025-03-22T12:16:42","guid":{"rendered":"https:\/\/horizon-recruitment.com\/industries\/"},"modified":"2025-04-08T03:32:42","modified_gmt":"2025-04-08T03:32:42","slug":"industries","status":"publish","type":"page","link":"https:\/\/horizon-recruitment.com\/de\/industries\/","title":{"rendered":"Branchen"},"content":{"rendered":"\t\t<div data-elementor-type=\"wp-page\" data-elementor-id=\"3120\" class=\"elementor elementor-3120 elementor-68\" data-elementor-post-type=\"page\">\n\t\t\t\t<div class=\"elementor-element elementor-element-45c94ad e-con-full e-flex e-con e-parent\" data-id=\"45c94ad\" data-element_type=\"container\">\n\t\t\t\t<div class=\"elementor-element elementor-element-f7380b7 elementor-widget__width-initial elementor-widget elementor-widget-html\" data-id=\"f7380b7\" data-element_type=\"widget\" data-widget_type=\"html.default\">\n\t\t\t\t<div class=\"elementor-widget-container\">\n\t\t\t\t\t<div class=\"clocks\">\r\n    <div data-timezone=\"America\/Chicago\" data-time-diff=\"-5\" data-time-onload=\"01\" title=\"US Central\"><span>US Central<\/span><\/div>\r\n    <div data-timezone=\"Europe\/London\" data-time-diff=\"0\" data-time-onload=\"01\" title=\"UK\"><span>UK<\/span><\/div>\r\n    <div data-timezone=\"Europe\/Berlin\" data-time-diff=\"+1\" data-time-onload=\"01\" title=\"Germany\"><span>Germany<\/span><\/div>\r\n    <div data-timezone=\"Asia\/Hong_Kong\" data-time-diff=\"+8\" data-time-onload=\"01\" title=\"Hong Kong\"><span>Hong Kong<\/span><\/div> \r\n<\/div>\t\t\t\t<\/div>\n\t\t\t\t<\/div>\n\t\t<div class=\"elementor-element elementor-element-55e9592 e-con-full e-flex e-con e-child\" data-id=\"55e9592\" data-element_type=\"container\">\n\t\t\t\t<div class=\"elementor-element elementor-element-9495c85 elementor-widget elementor-widget-html\" data-id=\"9495c85\" data-element_type=\"widget\" data-widget_type=\"html.default\">\n\t\t\t\t<div class=\"elementor-widget-container\">\n\t\t\t\t\t<div class=\"industries banner\" ><\/div><section class=\"map-locations\">\r\n        <h2>Locations<\/h2>\r\n    \r\n        <article class=\"los-angeles popup-right\" style=\"--leftpos:17.9%;--toppos:46.3%;\">\r\n            <h3>Los Angeles<\/h3>\r\n            <div>\r\n                \r\n            <\/div>\r\n        <\/article>\r\n        <article class=\"dallas popup-right\" style=\"--leftpos:23.4%;--toppos:47.1%;\">\r\n            <h3>Dallas<\/h3>\r\n            <div>\r\n                \r\n            <\/div>\r\n        <\/article>\r\n        <article class=\"dublin popup-right\" style=\"--leftpos:44.6%;--toppos:35.9%;\">\r\n            <h3>Dublin<\/h3>\r\n            <div>\r\n                \r\n            <\/div>\r\n        <\/article>\r\n        <article class=\"paris popup-right\" style=\"--leftpos:46.5%;--toppos:38.7%;\">\r\n            <h3>Paris<\/h3>\r\n            <div>\r\n                <p>Paris<\/p>\r\n<p>Population: 2.161 million<\/p>\r\n<p>In Paris Horizons main focus of attention is on Mobile Infrastructure and Broadband.<\/p>\r\n<p><a href=\"https:\/\/horizon-recruitment.vincere.io\/careers\/?location=France&amp;latitude=46.227638&amp;longitude=2.213749&amp;unit=km&amp;radius=100&amp;page=1&amp;search=1\">Jobs available in this region<\/a><\/p>\r\n<p>Interesting facts: Paris has 37 bridges connecting the two sides of the city, including the Pont des Arts, where people traditionally lock padlocks to declare their love. The oldest bridge in Paris was once called \u201cNew Bridge\u201d because it was the first to have pavement and no houses built on it.<\/p>\r\n            <\/div>\r\n        <\/article>\r\n        <article class=\"amsterdam popup-right\" style=\"--leftpos:47.0%;--toppos:35.7%;\">\r\n            <h3>Amsterdam<\/h3>\r\n            <div>\r\n                <p>Amsterdam<\/p>\r\n<p>Population: 821,000<\/p>\r\n<p>In Amsterdam, Horizon\u2019s main focus is on Mobile Infrastructure and Broadband<\/p>\r\n<p><a href=\"https:\/\/horizon-recruitment.vincere.io\/careers\/?location=Amsterdam%2C+Netherlands&amp;latitude=52.3675734&amp;longitude=4.9041389&amp;unit=km&amp;radius=100&amp;page=1&amp;search=1\">Jobs available in this region<\/a><\/p>\r\n<p>Interesting Fact: Although the population of Amsterdam is 821,000, there are over 1.2 million bikes. 25,000 of those bikes disappear into the canals every year!<\/p>\r\n            <\/div>\r\n        <\/article>\r\n        <article class=\"berlin popup-right\" style=\"--leftpos:48.9%;--toppos:36.7%;\">\r\n            <h3>Berlin<\/h3>\r\n            <div>\r\n                <p>Berlin<\/p>\r\n<p>Population: 83.8 million<\/p>\r\n<p>In Germany, Horizon\u2019s main focus is on Broadband rollout, Mobile Infrastructure and Data Centres<\/p>\r\n<p><a href=\"https:\/\/horizon-recruitment.vincere.io\/careers\/?location=Germany&amp;latitude=51.165691&amp;longitude=10.451526&amp;unit=km&amp;radius=100&amp;page=1&amp;search=1\">Jobs available in this region<\/a><\/p>\r\n<p>Interesting Fact: The first printed book was in Germany, a copy of the Bible by Johann Gutenberg<\/p>\r\n            <\/div>\r\n        <\/article>\r\n        <article class=\"brussels popup-right\" style=\"--leftpos:47.0%;--toppos:37.3%;\">\r\n            <h3>Brussels<\/h3>\r\n            <div>\r\n                <p>Brussels<\/p>\r\n<p>Population: 1.209 million<\/p>\r\n<p>In Brussels Horizons main focus of attention is on Mobile Infrastructure and Broadband.<\/p>\r\n<p><a href=\"https:\/\/horizon-recruitment.vincere.io\/careers\/?location=Brussels%2C+Belgium&amp;latitude=50.8476424&amp;longitude=4.3571696&amp;unit=km&amp;radius=100&amp;page=1&amp;search=1\">Jobs available in this region<\/a><\/p>\r\n<p>Interesting fact: Belgians do not share one common language, there are three official languages in Belgium. In Brussels people mostly speak French and Flemish Dutch, in other parts of the country<\/p>\r\n            <\/div>\r\n        <\/article>\r\n        <article class=\"singapore popup-right\" style=\"--leftpos:71.5%;--toppos:66.2%;\">\r\n            <h3>Singapore<\/h3>\r\n            <div>\r\n                \r\n            <\/div>\r\n        <\/article>\r\n        <article class=\"hong-kong popup-left\" style=\"--leftpos:73.4%;--toppos:53.6%;\">\r\n            <h3>Hong Kong<\/h3>\r\n            <div>\r\n                <p>Hong Kong<\/p>\r\n<p>Population: 7.346 million<\/p>\r\n<p>In Hong Kong, Horizon\u2019s main focus of attention is Data Centres, Cloud Infrastructure and Sustainability and Renewables.<\/p>\r\n<p><a href=\"https:\/\/horizon-recruitment.vincere.io\/careers\/?location=Hong+Kong&amp;latitude=22.3193039&amp;longitude=114.1693611&amp;unit=km&amp;radius=100&amp;page=1&amp;search=1\">Jobs available in this region<\/a><\/p>\r\n<p>Interesting Fact: Hong Kong has more skyscrapers than any other city in the World<\/p>\r\n            <\/div>\r\n        <\/article>\r\n    <\/section>\t\t\t\t<\/div>\n\t\t\t\t<\/div>\n\t\t\t\t<\/div>\n\t\t\t\t<\/div>\n\t\t<section class=\"elementor-element elementor-element-a837b64 e-con-full people box-ribbon e-flex e-con e-parent\" data-id=\"a837b64\" data-element_type=\"container\" id=\"industries\">\n\t\t<div class=\"elementor-element elementor-element-11690cd e-con-full e-flex e-con e-child\" data-id=\"11690cd\" data-element_type=\"container\">\n\t\t<article class=\"elementor-element elementor-element-c7f1be3 e-con-full e-flex e-con e-child\" data-id=\"c7f1be3\" data-element_type=\"container\">\n\t\t<div class=\"elementor-element elementor-element-861916e e-con-full col e-flex e-con e-child\" data-id=\"861916e\" data-element_type=\"container\">\n\t\t\t\t<div class=\"elementor-element elementor-element-e7eaf14 elementor-widget elementor-widget-image\" data-id=\"e7eaf14\" data-element_type=\"widget\" data-widget_type=\"image.default\">\n\t\t\t\t<div class=\"elementor-widget-container\">\n\t\t\t\t\t\t\t\t\t\t\t\t\t\t\t<img fetchpriority=\"high\" decoding=\"async\" width=\"523\" height=\"524\" src=\"https:\/\/horizon-recruitment.com\/wp-content\/uploads\/2025\/03\/Broadband-Infrastructure.png\" class=\"attachment-full size-full wp-image-2736\" alt=\"\" srcset=\"https:\/\/horizon-recruitment.com\/wp-content\/uploads\/2025\/03\/Broadband-Infrastructure.png 523w, https:\/\/horizon-recruitment.com\/wp-content\/uploads\/2025\/03\/Broadband-Infrastructure-300x300.png 300w, https:\/\/horizon-recruitment.com\/wp-content\/uploads\/2025\/03\/Broadband-Infrastructure-150x150.png 150w\" sizes=\"(max-width: 523px) 100vw, 523px\" \/>\t\t\t\t\t\t\t\t\t\t\t\t\t\t\t<\/div>\n\t\t\t\t<\/div>\n\t\t\t\t<div class=\"elementor-element elementor-element-009fe8c elementor-widget elementor-widget-heading\" data-id=\"009fe8c\" data-element_type=\"widget\" data-widget_type=\"heading.default\">\n\t\t\t\t<div class=\"elementor-widget-container\">\n\t\t\t\t\t<h3 class=\"elementor-heading-title elementor-size-default\">Glasfaser Infrastruktur<\/h3>\t\t\t\t<\/div>\n\t\t\t\t<\/div>\n\t\t\t\t<div class=\"elementor-element elementor-element-8b1edcd elementor-widget elementor-widget-heading\" data-id=\"8b1edcd\" data-element_type=\"widget\" data-widget_type=\"heading.default\">\n\t\t\t\t<div class=\"elementor-widget-container\">\n\t\t\t\t\t<p class=\"elementor-heading-title elementor-size-default\">Als f\u00fchrende Expert*innen in der Rekrutierung von Top-Talenten im Bereich der Breitbandinfrastruktur erkennen wir die entscheidende Rolle, die diese Branche beim Verbinden von Gemeinschaften und der F\u00f6rderung des Wirtschaftswachstums spielt. Mit der steigenden Nachfrage nach Hochgeschwindigkeitsinternet ist der Bedarf an qualifizierten Fachkr\u00e4ften gr\u00f6\u00dfer denn je.<\/p>\t\t\t\t<\/div>\n\t\t\t\t<\/div>\n\t\t\t\t<div class=\"elementor-element elementor-element-15859d3 elementor-widget elementor-widget-heading\" data-id=\"15859d3\" data-element_type=\"widget\" data-widget_type=\"heading.default\">\n\t\t\t\t<div class=\"elementor-widget-container\">\n\t\t\t\t\t<p class=\"elementor-heading-title elementor-size-default\"> <span class=\"expand active\">mehr<\/span>\n <span class=\"contract\">weniger<\/span><\/p>\t\t\t\t<\/div>\n\t\t\t\t<\/div>\n\t\t\t\t<\/div>\n\t\t<div class=\"elementor-element elementor-element-88270c2 e-con-full col e-flex e-con e-child\" data-id=\"88270c2\" data-element_type=\"container\">\n\t\t\t\t<div class=\"elementor-element elementor-element-ce1fe8a elementor-widget elementor-widget-text-editor\" data-id=\"ce1fe8a\" data-element_type=\"widget\" data-widget_type=\"text-editor.default\">\n\t\t\t\t<div class=\"elementor-widget-container\">\n\t\t\t\t\t\t\t\t\t<p>Um den Rekrutierungsprozess zu optimieren, investieren wir Zeit in die Schulung unserer Recruiter<em>innen mit technischem Wissen \u00fcber Breitbandnetzwerke, um die perfekte \u00dcbereinstimmung zwischen Kandidat<\/em>innen und Unternehmen sicherzustellen. Unser umfangreiches Netzwerk und unsere Branchenexpertise erm\u00f6glichen es uns, Kandidat*innen mit den richtigen F\u00e4higkeiten und der Leidenschaft f\u00fcr die F\u00f6rderung von Breitbandprojekten zu identifizieren.<\/p><p>Wir sind spezialisiert auf eine Vielzahl von Rollen, von Netzwerkingenieuren bis hin zu Projektmanager*innen.<\/p><p>Positionen, die wir vor kurzem besetzt haben:<\/p><ul><li>Projektmanagement FTTx<\/li><li>Bauleitung FTTx<\/li><li>Qualit\u00e4ts- und Abnahme-Management FTTx<\/li><li>Wholesale Account Management<\/li><li>Netzwerkbetriebsingenieure<\/li><\/ul>\t\t\t\t\t\t\t\t<\/div>\n\t\t\t\t<\/div>\n\t\t\t\t<\/div>\n\t\t\t\t<\/article>\n\t\t<article class=\"elementor-element elementor-element-863e36b e-con-full e-flex e-con e-child\" data-id=\"863e36b\" data-element_type=\"container\">\n\t\t<div class=\"elementor-element elementor-element-cd4ba8c e-con-full col e-flex e-con e-child\" data-id=\"cd4ba8c\" data-element_type=\"container\">\n\t\t\t\t<div class=\"elementor-element elementor-element-d9994b2 elementor-widget elementor-widget-image\" data-id=\"d9994b2\" data-element_type=\"widget\" data-widget_type=\"image.default\">\n\t\t\t\t<div class=\"elementor-widget-container\">\n\t\t\t\t\t\t\t\t\t\t\t\t\t\t\t<img decoding=\"async\" width=\"523\" height=\"525\" src=\"https:\/\/horizon-recruitment.com\/wp-content\/uploads\/2025\/03\/Data-Centre-and-IT-Infrastructure.png\" class=\"attachment-full size-full wp-image-2743\" alt=\"\" srcset=\"https:\/\/horizon-recruitment.com\/wp-content\/uploads\/2025\/03\/Data-Centre-and-IT-Infrastructure.png 523w, https:\/\/horizon-recruitment.com\/wp-content\/uploads\/2025\/03\/Data-Centre-and-IT-Infrastructure-300x300.png 300w, https:\/\/horizon-recruitment.com\/wp-content\/uploads\/2025\/03\/Data-Centre-and-IT-Infrastructure-150x150.png 150w\" sizes=\"(max-width: 523px) 100vw, 523px\" \/>\t\t\t\t\t\t\t\t\t\t\t\t\t\t\t<\/div>\n\t\t\t\t<\/div>\n\t\t\t\t<div class=\"elementor-element elementor-element-adcef97 elementor-widget elementor-widget-heading\" data-id=\"adcef97\" data-element_type=\"widget\" data-widget_type=\"heading.default\">\n\t\t\t\t<div class=\"elementor-widget-container\">\n\t\t\t\t\t<h3 class=\"elementor-heading-title elementor-size-default\">Datenzentren Und IT Infrastruktur<\/h3>\t\t\t\t<\/div>\n\t\t\t\t<\/div>\n\t\t\t\t<div class=\"elementor-element elementor-element-2d65e2b elementor-widget elementor-widget-heading\" data-id=\"2d65e2b\" data-element_type=\"widget\" data-widget_type=\"heading.default\">\n\t\t\t\t<div class=\"elementor-widget-container\">\n\t\t\t\t\t<p class=\"elementor-heading-title elementor-size-default\">In der heutigen digitalen Landschaft sind Rechenzentren entscheidend f\u00fcr die Bereitstellung von Speicher, Verarbeitung und Konnektivit\u00e4t f\u00fcr Unternehmen weltweit. Mit dem Anstieg der Datennachfrage w\u00e4chst auch der Bedarf an qualifizierten Fachkr\u00e4ft*innen, die diese Einrichtungen entwerfen, bauen und warten.<\/p>\t\t\t\t<\/div>\n\t\t\t\t<\/div>\n\t\t\t\t<div class=\"elementor-element elementor-element-a700fa4 elementor-widget elementor-widget-heading\" data-id=\"a700fa4\" data-element_type=\"widget\" data-widget_type=\"heading.default\">\n\t\t\t\t<div class=\"elementor-widget-container\">\n\t\t\t\t\t<p class=\"elementor-heading-title elementor-size-default\"> <span class=\"expand active\">mehr<\/span>\n <span class=\"contract\">weniger<\/span><\/p>\t\t\t\t<\/div>\n\t\t\t\t<\/div>\n\t\t\t\t<\/div>\n\t\t<div class=\"elementor-element elementor-element-8c73300 e-con-full col e-flex e-con e-child\" data-id=\"8c73300\" data-element_type=\"container\">\n\t\t\t\t<div class=\"elementor-element elementor-element-eba5038 elementor-widget elementor-widget-text-editor\" data-id=\"eba5038\" data-element_type=\"widget\" data-widget_type=\"text-editor.default\">\n\t\t\t\t<div class=\"elementor-widget-container\">\n\t\t\t\t\t\t\t\t\t<p>Bei Horizon Technology Recruitment nutzt unser Expertenteam im Bereich Rechenzentren jahrelange Erfahrung, um erstklassige Talente mit Organisationen zu verbinden, die ihre Dateninfrastruktur optimieren m\u00f6chten. Wir verstehen die einzigartigen Herausforderungen in diesem Sektor und bieten ma\u00dfgeschneiderte L\u00f6sungen, die auf Ihre Bed\u00fcrfnisse abgestimmt sind.<\/p><p>Egal, ob Sie ein erfahrener Rechenzentrumsingenieur*in sind, der nach einer Karriereentwicklung sucht, oder ein Unternehmen, das sein Team verst\u00e4rken m\u00f6chte \u2013 wir sind hier, um zu helfen.<\/p><p>Positionen, die wir vor kurzem besetzt haben:<\/p><ul><li>Facility Engineers<\/li><li>Data Centre Operation Engineering<\/li><li>Facility Technicians<\/li><li>Incident Management<\/li><li>Network Operations<\/li><li>Head of Facility Engineering<\/li><li>HVAC specialists<\/li><\/ul>\t\t\t\t\t\t\t\t<\/div>\n\t\t\t\t<\/div>\n\t\t\t\t<\/div>\n\t\t\t\t<\/article>\n\t\t<article class=\"elementor-element elementor-element-a7d4bc4 e-con-full e-flex e-con e-child\" data-id=\"a7d4bc4\" data-element_type=\"container\">\n\t\t<div class=\"elementor-element elementor-element-4d6f4cd e-con-full col e-flex e-con e-child\" data-id=\"4d6f4cd\" data-element_type=\"container\">\n\t\t\t\t<div class=\"elementor-element elementor-element-1510d3f elementor-widget elementor-widget-image\" data-id=\"1510d3f\" data-element_type=\"widget\" data-widget_type=\"image.default\">\n\t\t\t\t<div class=\"elementor-widget-container\">\n\t\t\t\t\t\t\t\t\t\t\t\t\t\t\t<img decoding=\"async\" width=\"522\" height=\"525\" src=\"https:\/\/horizon-recruitment.com\/wp-content\/uploads\/2025\/03\/Sustainability-and-Renewable-Energy.png\" class=\"attachment-full size-full wp-image-2741\" alt=\"\" srcset=\"https:\/\/horizon-recruitment.com\/wp-content\/uploads\/2025\/03\/Sustainability-and-Renewable-Energy.png 522w, https:\/\/horizon-recruitment.com\/wp-content\/uploads\/2025\/03\/Sustainability-and-Renewable-Energy-298x300.png 298w, https:\/\/horizon-recruitment.com\/wp-content\/uploads\/2025\/03\/Sustainability-and-Renewable-Energy-150x150.png 150w\" sizes=\"(max-width: 522px) 100vw, 522px\" \/>\t\t\t\t\t\t\t\t\t\t\t\t\t\t\t<\/div>\n\t\t\t\t<\/div>\n\t\t\t\t<div class=\"elementor-element elementor-element-e502d37 elementor-widget elementor-widget-heading\" data-id=\"e502d37\" data-element_type=\"widget\" data-widget_type=\"heading.default\">\n\t\t\t\t<div class=\"elementor-widget-container\">\n\t\t\t\t\t<h3 class=\"elementor-heading-title elementor-size-default\">Mobilfunk Infrastruktur<\/h3>\t\t\t\t<\/div>\n\t\t\t\t<\/div>\n\t\t\t\t<div class=\"elementor-element elementor-element-037439e elementor-widget elementor-widget-heading\" data-id=\"037439e\" data-element_type=\"widget\" data-widget_type=\"heading.default\">\n\t\t\t\t<div class=\"elementor-widget-container\">\n\t\t\t\t\t<p class=\"elementor-heading-title elementor-size-default\">Als Experten f\u00fcr mobile Infrastruktur ist Horizon Technology Recruitment Ihr Schl\u00fcsselpartner in der Telekommunikationsbranche. Wir sind darauf spezialisiert, die besten Talente mit f\u00fchrenden Unternehmen zu verbinden, die die Konnektivit\u00e4t vorantreiben.<\/p>\t\t\t\t<\/div>\n\t\t\t\t<\/div>\n\t\t\t\t<div class=\"elementor-element elementor-element-779dfb9 elementor-widget elementor-widget-heading\" data-id=\"779dfb9\" data-element_type=\"widget\" data-widget_type=\"heading.default\">\n\t\t\t\t<div class=\"elementor-widget-container\">\n\t\t\t\t\t<p class=\"elementor-heading-title elementor-size-default\"> <span class=\"expand active\">mehr<\/span>\n <span class=\"contract\">weniger<\/span><\/p>\t\t\t\t<\/div>\n\t\t\t\t<\/div>\n\t\t\t\t<\/div>\n\t\t<div class=\"elementor-element elementor-element-e3f8d24 e-con-full col e-flex e-con e-child\" data-id=\"e3f8d24\" data-element_type=\"container\">\n\t\t\t\t<div class=\"elementor-element elementor-element-2d84df7 elementor-widget elementor-widget-text-editor\" data-id=\"2d84df7\" data-element_type=\"widget\" data-widget_type=\"text-editor.default\">\n\t\t\t\t<div class=\"elementor-widget-container\">\n\t\t\t\t\t\t\t\t\t<p>Wir verstehen die entscheidende Rolle, die Mobilfunkmasten und drahtlose Netzwerke f\u00fcr die globale Kommunikation spielen. Unsere erfahrenen Recruiter sind umfassend geschult in allen Aspekten der Turminfrastruktur und stellen sicher, dass wir die besten Fachkr\u00e4fte f\u00fcr jede Position finden.<\/p><p>Von Pre-Sales \u00fcber L\u00f6sungsarchitektur bis hin zum Netzwerkaufbau k\u00fcmmern wir uns um feste und befristete Einstellungen weltweit. Seit 2020 unterst\u00fctzen wir globale und regionale Telekommunikationsgiganten bei ihrem \u00dcbergang zu 5G und dar\u00fcber hinaus.<\/p><p>Vertrauen Sie uns, um Ihnen zu helfen, sich in der sich entwickelnden Landschaft der mobilen Infrastruktur zurechtzufinden.<\/p><p>Positionen, die wir vor kurzem besetzt haben:\u00a0<\/p><ul><li>Standortakquisitionsmanager<\/li><li>Projektmanager Rollout 5G<\/li><li>Qualit\u00e4tsmanager<\/li><li>Bauleitung<\/li><\/ul>\t\t\t\t\t\t\t\t<\/div>\n\t\t\t\t<\/div>\n\t\t\t\t<\/div>\n\t\t\t\t<\/article>\n\t\t<article class=\"elementor-element elementor-element-40cf0df e-con-full e-flex e-con e-child\" data-id=\"40cf0df\" data-element_type=\"container\">\n\t\t<div class=\"elementor-element elementor-element-cbc18d3 e-con-full col e-flex e-con e-child\" data-id=\"cbc18d3\" data-element_type=\"container\">\n\t\t\t\t<div class=\"elementor-element elementor-element-22b2675 elementor-widget elementor-widget-image\" data-id=\"22b2675\" data-element_type=\"widget\" data-widget_type=\"image.default\">\n\t\t\t\t<div class=\"elementor-widget-container\">\n\t\t\t\t\t\t\t\t\t\t\t\t\t\t\t<img loading=\"lazy\" decoding=\"async\" width=\"666\" height=\"666\" src=\"https:\/\/horizon-recruitment.com\/wp-content\/uploads\/2025\/03\/Mobile-Tower-Wireless-Network-Infrastructure.jpg\" class=\"attachment-full size-full wp-image-2733\" alt=\"\" srcset=\"https:\/\/horizon-recruitment.com\/wp-content\/uploads\/2025\/03\/Mobile-Tower-Wireless-Network-Infrastructure.jpg 666w, https:\/\/horizon-recruitment.com\/wp-content\/uploads\/2025\/03\/Mobile-Tower-Wireless-Network-Infrastructure-300x300.jpg 300w, https:\/\/horizon-recruitment.com\/wp-content\/uploads\/2025\/03\/Mobile-Tower-Wireless-Network-Infrastructure-150x150.jpg 150w\" sizes=\"(max-width: 666px) 100vw, 666px\" \/>\t\t\t\t\t\t\t\t\t\t\t\t\t\t\t<\/div>\n\t\t\t\t<\/div>\n\t\t\t\t<div class=\"elementor-element elementor-element-5098e17 elementor-widget elementor-widget-heading\" data-id=\"5098e17\" data-element_type=\"widget\" data-widget_type=\"heading.default\">\n\t\t\t\t<div class=\"elementor-widget-container\">\n\t\t\t\t\t<h3 class=\"elementor-heading-title elementor-size-default\">Nachhaltigkeit Und Erneuerbaren Energien<\/h3>\t\t\t\t<\/div>\n\t\t\t\t<\/div>\n\t\t\t\t<div class=\"elementor-element elementor-element-0d3cb6f elementor-widget elementor-widget-heading\" data-id=\"0d3cb6f\" data-element_type=\"widget\" data-widget_type=\"heading.default\">\n\t\t\t\t<div class=\"elementor-widget-container\">\n\t\t\t\t\t<p class=\"elementor-heading-title elementor-size-default\">In der heutigen Welt ist die Annahme nachhaltiger L\u00f6sungen und erneuerbarer Energien entscheidend, um den Klimawandel zu bek\u00e4mpfen und unseren Planeten zu sch\u00fctzen. Der Sektor der erneuerbaren Energien, der Solar- und Windkraft sowie die Infrastruktur f\u00fcr elektrische Ladestationen umfasst, bietet erhebliche Wachstumschancen.<\/p>\t\t\t\t<\/div>\n\t\t\t\t<\/div>\n\t\t\t\t<div class=\"elementor-element elementor-element-30534ed elementor-widget elementor-widget-heading\" data-id=\"30534ed\" data-element_type=\"widget\" data-widget_type=\"heading.default\">\n\t\t\t\t<div class=\"elementor-widget-container\">\n\t\t\t\t\t<p class=\"elementor-heading-title elementor-size-default\"> <span class=\"expand active\">mehr<\/span>\n <span class=\"contract\">weniger<\/span><\/p>\t\t\t\t<\/div>\n\t\t\t\t<\/div>\n\t\t\t\t<\/div>\n\t\t<div class=\"elementor-element elementor-element-7731569 e-con-full col e-flex e-con e-child\" data-id=\"7731569\" data-element_type=\"container\">\n\t\t\t\t<div class=\"elementor-element elementor-element-69422e5 elementor-widget elementor-widget-text-editor\" data-id=\"69422e5\" data-element_type=\"widget\" data-widget_type=\"text-editor.default\">\n\t\t\t\t<div class=\"elementor-widget-container\">\n\t\t\t\t\t\t\t\t\t<p>Bei Horizon Technology Recruitment sind wir darauf spezialisiert, Top-Talente mit Organisationen zu verbinden, die sich der Nachhaltigkeit widmen. Unser erfahrenes Team versteht die Herausforderungen der Branche und sorgt daf\u00fcr, dass Fachkr\u00e4fte und innovative Unternehmen pr\u00e4zise zusammengebracht werden.<\/p><p>Egal, ob Sie ein erfahrener Ingenieur sind oder ein Unternehmen, das seine Nachhaltigkeitsbem\u00fchungen verst\u00e4rken m\u00f6chte \u2013 Horizon ist Ihr vertrauensw\u00fcrdiger Partner. Wir bieten einen pers\u00f6nlichen Service und Branchenexpertise, um ma\u00dfgeschneiderte L\u00f6sungen zu liefern, die Ihren Anforderungen entsprechen.<\/p><p>Positionen, die wir vor kurzem besetzt haben:\u00a0<\/p><ul><li>Energie L\u00f6sungsexperten<\/li><li>Projekttechnik \u2013 Elektrik<\/li><li>Genehmigungsmanagement<\/li><li>Maschinenbau<\/li><li>Umweltberatung<\/li><\/ul>\t\t\t\t\t\t\t\t<\/div>\n\t\t\t\t<\/div>\n\t\t\t\t<\/div>\n\t\t\t\t<\/article>\n\t\t\t\t<\/div>\n\t\t\t\t<\/section>\n\t\t\t\t<\/div>\n\t\t","protected":false},"excerpt":{"rendered":"<p>US Central UK Germany Hong Kong Locations Los Angeles Dallas Dublin Paris Paris Population: 2.161 million In Paris Horizons main focus of attention is on Mobile Infrastructure and Broadband. Jobs available in this region Interesting facts: Paris has 37 bridges connecting the two sides of the city, including the Pont des Arts, where people traditionally [&hellip;]<\/p>\n","protected":false},"author":1,"featured_media":0,"parent":0,"menu_order":0,"comment_status":"closed","ping_status":"closed","template":"","meta":{"_acf_changed":false,"footnotes":""},"class_list":["post-3120","page","type-page","status-publish","hentry"],"acf":[],"_links":{"self":[{"href":"https:\/\/horizon-recruitment.com\/de\/wp-json\/wp\/v2\/pages\/3120","targetHints":{"allow":["GET"]}}],"collection":[{"href":"https:\/\/horizon-recruitment.com\/de\/wp-json\/wp\/v2\/pages"}],"about":[{"href":"https:\/\/horizon-recruitment.com\/de\/wp-json\/wp\/v2\/types\/page"}],"author":[{"embeddable":true,"href":"https:\/\/horizon-recruitment.com\/de\/wp-json\/wp\/v2\/users\/1"}],"replies":[{"embeddable":true,"href":"https:\/\/horizon-recruitment.com\/de\/wp-json\/wp\/v2\/comments?post=3120"}],"version-history":[{"count":55,"href":"https:\/\/horizon-recruitment.com\/de\/wp-json\/wp\/v2\/pages\/3120\/revisions"}],"predecessor-version":[{"id":3893,"href":"https:\/\/horizon-recruitment.com\/de\/wp-json\/wp\/v2\/pages\/3120\/revisions\/3893"}],"wp:attachment":[{"href":"https:\/\/horizon-recruitment.com\/de\/wp-json\/wp\/v2\/media?parent=3120"}],"curies":[{"name":"wp","href":"https:\/\/api.w.org\/{rel}","templated":true}]}}