{"id":3076,"date":"2025-03-22T12:16:53","date_gmt":"2025-03-22T12:16:53","guid":{"rendered":"https:\/\/horizon-recruitment.com\/horizine\/"},"modified":"2025-04-29T15:05:12","modified_gmt":"2025-04-29T15:05:12","slug":"horizine","status":"publish","type":"page","link":"https:\/\/horizon-recruitment.com\/de\/horizine\/","title":{"rendered":"Horizine"},"content":{"rendered":"\t\t<div data-elementor-type=\"wp-page\" data-elementor-id=\"3076\" class=\"elementor elementor-3076 elementor-70\" data-elementor-post-type=\"page\">\n\t\t\t\t<div class=\"elementor-element elementor-element-ef4a7ee e-con-full e-flex e-con e-parent\" data-id=\"ef4a7ee\" data-element_type=\"container\" data-settings=\"{&quot;background_background&quot;:&quot;classic&quot;}\">\n\t\t\t\t<div class=\"elementor-element elementor-element-a4ce3c6 elementor-widget__width-inherit elementor-widget elementor-widget-image\" data-id=\"a4ce3c6\" data-element_type=\"widget\" data-widget_type=\"image.default\">\n\t\t\t\t<div class=\"elementor-widget-container\">\n\t\t\t\t\t\t\t\t\t\t\t\t\t\t\t<img fetchpriority=\"high\" decoding=\"async\" width=\"1387\" height=\"318\" src=\"https:\/\/horizon-recruitment.com\/wp-content\/uploads\/2025\/04\/horizon-1.jpg\" class=\"attachment-full size-full wp-image-4305\" alt=\"\" srcset=\"https:\/\/horizon-recruitment.com\/wp-content\/uploads\/2025\/04\/horizon-1.jpg 1387w, https:\/\/horizon-recruitment.com\/wp-content\/uploads\/2025\/04\/horizon-1-300x69.jpg 300w, https:\/\/horizon-recruitment.com\/wp-content\/uploads\/2025\/04\/horizon-1-1024x235.jpg 1024w, https:\/\/horizon-recruitment.com\/wp-content\/uploads\/2025\/04\/horizon-1-768x176.jpg 768w\" sizes=\"(max-width: 1387px) 100vw, 1387px\" \/>\t\t\t\t\t\t\t\t\t\t\t\t\t\t\t<\/div>\n\t\t\t\t<\/div>\n\t\t\t\t<div class=\"elementor-element elementor-element-e909e94 elementor-grid-1 elementor-grid-mobile-1 elementor-widget elementor-widget-loop-grid\" data-id=\"e909e94\" data-element_type=\"widget\" data-settings=\"{&quot;template_id&quot;:4070,&quot;columns&quot;:1,&quot;row_gap&quot;:{&quot;unit&quot;:&quot;px&quot;,&quot;size&quot;:40,&quot;sizes&quot;:[]},&quot;_skin&quot;:&quot;post&quot;,&quot;columns_mobile&quot;:&quot;1&quot;,&quot;edit_handle_selector&quot;:&quot;[data-elementor-type=\\&quot;loop-item\\&quot;]&quot;,&quot;row_gap_tablet_extra&quot;:{&quot;unit&quot;:&quot;px&quot;,&quot;size&quot;:&quot;&quot;,&quot;sizes&quot;:[]},&quot;row_gap_tablet&quot;:{&quot;unit&quot;:&quot;px&quot;,&quot;size&quot;:&quot;&quot;,&quot;sizes&quot;:[]},&quot;row_gap_mobile_extra&quot;:{&quot;unit&quot;:&quot;px&quot;,&quot;size&quot;:&quot;&quot;,&quot;sizes&quot;:[]},&quot;row_gap_mobile&quot;:{&quot;unit&quot;:&quot;px&quot;,&quot;size&quot;:&quot;&quot;,&quot;sizes&quot;:[]}}\" data-widget_type=\"loop-grid.post\">\n\t\t\t\t<div class=\"elementor-widget-container\">\n\t\t\t\t\t\t\t<div class=\"elementor-loop-container elementor-grid\">\n\t\t<style id=\"loop-4070\">.elementor-4070 .elementor-element.elementor-element-905e9de{--display:flex;--flex-direction:column;--container-widget-width:100%;--container-widget-height:initial;--container-widget-flex-grow:0;--container-widget-align-self:initial;--flex-wrap-mobile:wrap;--padding-top:0px;--padding-bottom:0px;--padding-left:0px;--padding-right:0px;}.elementor-4070 .elementor-element.elementor-element-905e9de:not(.elementor-motion-effects-element-type-background), .elementor-4070 .elementor-element.elementor-element-905e9de > .elementor-motion-effects-container > .elementor-motion-effects-layer{background-color:var( --e-global-color-416c21f );}.elementor-4070 .elementor-element.elementor-element-ea3e791{--display:flex;--gap:0px 0px;--row-gap:0px;--column-gap:0px;--padding-top:56.9%;--padding-bottom:0%;--padding-left:0%;--padding-right:0%;}.elementor-4070 .elementor-element.elementor-element-ea3e791:not(.elementor-motion-effects-element-type-background), .elementor-4070 .elementor-element.elementor-element-ea3e791 > .elementor-motion-effects-container > .elementor-motion-effects-layer{background-color:var( --e-global-color-c8d6643 );}.elementor-4070 .elementor-element.elementor-element-9d85c86{--display:flex;}.elementor-widget-image .widget-image-caption{color:var( --e-global-color-text );}.elementor-4070 .elementor-element.elementor-element-3e10849{width:100%;max-width:100%;}.elementor-4070 .elementor-element.elementor-element-3e10849 > .elementor-widget-container{padding:66.8% 0% 0% 0%;}.elementor-4070 .elementor-element.elementor-element-3e10849 img{width:100%;height:100%;object-fit:cover;object-position:center center;}.elementor-widget-theme-post-excerpt .elementor-widget-container{color:var( --e-global-color-text );}.elementor-4070 .elementor-element.elementor-element-df4f539{width:var( --container-widget-width, 350px );max-width:350px;--container-widget-width:350px;--container-widget-flex-grow:0;top:20px;}.elementor-4070 .elementor-element.elementor-element-df4f539 > .elementor-widget-container{background-color:var( --e-global-color-c5358e6 );padding:10px 10px 10px 10px;}body:not(.rtl) .elementor-4070 .elementor-element.elementor-element-df4f539{right:21px;}body.rtl .elementor-4070 .elementor-element.elementor-element-df4f539{left:21px;}.elementor-4070 .elementor-element.elementor-element-df4f539 .elementor-widget-container{font-size:18px;line-height:23px;}.elementor-4070 .elementor-element.elementor-element-6edbdde{--display:flex;--position:absolute;--padding-top:40px;--padding-bottom:40px;--padding-left:45px;--padding-right:45px;top:0px;}body:not(.rtl) .elementor-4070 .elementor-element.elementor-element-6edbdde{left:0px;}body.rtl .elementor-4070 .elementor-element.elementor-element-6edbdde{right:0px;}.elementor-widget-theme-post-title .elementor-heading-title{color:var( --e-global-color-primary );}.elementor-4070 .elementor-element.elementor-element-31a79ca .elementor-heading-title{font-family:\"futura-pt\", Sans-serif;font-size:90px;font-weight:bold;line-height:118px;}.elementor-4070 .elementor-element.elementor-element-84e66b2 > .elementor-widget-container{margin:0px 0px -15px 0px;}.elementor-4070 .elementor-element.elementor-element-84e66b2 .elementor-widget-container{font-size:28px;text-transform:uppercase;line-height:35px;}.elementor-widget-heading .elementor-heading-title{color:var( --e-global-color-primary );}.elementor-4070 .elementor-element.elementor-element-fa3d76d .elementor-heading-title{font-size:var( --e-global-typography-20b0381-font-size );line-height:var( --e-global-typography-20b0381-line-height );}@media(min-width:768px){.elementor-4070 .elementor-element.elementor-element-ea3e791{--width:60%;}}@media(max-width:1024px){.elementor-4070 .elementor-element.elementor-element-31a79ca .elementor-heading-title{font-size:60px;line-height:80px;}.elementor-4070 .elementor-element.elementor-element-fa3d76d .elementor-heading-title{font-size:var( --e-global-typography-20b0381-font-size );line-height:var( --e-global-typography-20b0381-line-height );}}@media(max-width:880px){.elementor-4070 .elementor-element.elementor-element-31a79ca .elementor-heading-title{font-size:22px;line-height:40px;}}@media(max-width:767px){.elementor-4070 .elementor-element.elementor-element-ea3e791{--padding-top:17%;--padding-bottom:0%;--padding-left:0%;--padding-right:0%;}.elementor-4070 .elementor-element.elementor-element-6edbdde{--padding-top:40px;--padding-bottom:50px;--padding-left:15px;--padding-right:15px;}.elementor-4070 .elementor-element.elementor-element-fa3d76d .elementor-heading-title{font-size:var( --e-global-typography-20b0381-font-size );line-height:var( --e-global-typography-20b0381-line-height );}}\/* Start custom CSS for container, class: .elementor-element-6edbdde *\/@media (max-width: 767px) {\n    .elementor-4070 .elementor-element.elementor-element-6edbdde {\n        position: initial;\n    }\n}\/* End custom CSS *\/<\/style>\t\t<div data-elementor-type=\"loop-item\" data-elementor-id=\"4070\" class=\"elementor elementor-4070 e-loop-item e-loop-item-3977 post-3977 post type-post status-publish format-standard hentry category-nicht-kategorisiert\" data-elementor-post-type=\"elementor_library\" data-custom-edit-handle=\"1\">\n\t\t\t<div class=\"elementor-element elementor-element-905e9de e-con-full e-flex Template-default e-con e-parent\" data-id=\"905e9de\" data-element_type=\"container\" data-settings=\"{&quot;background_background&quot;:&quot;classic&quot;}\">\n\t\t<article class=\"elementor-element elementor-element-ea3e791 e-con-full e-flex e-con e-child\" data-id=\"ea3e791\" data-element_type=\"container\" data-settings=\"{&quot;background_background&quot;:&quot;classic&quot;}\">\n\t\t<a class=\"elementor-element elementor-element-9d85c86 e-con-full background-image e-flex e-con e-child\" data-id=\"9d85c86\" data-element_type=\"container\" href=\"https:\/\/horizon-recruitment.com\/de\/horizine\/hkfintech-week-2024~5\/\">\n\t\t\t\t<\/a>\n\t\t<div class=\"elementor-element elementor-element-6edbdde e-con-full post-content e-flex e-con e-child\" data-id=\"6edbdde\" data-element_type=\"container\" data-settings=\"{&quot;position&quot;:&quot;absolute&quot;}\">\n\t\t\t\t<div class=\"elementor-element elementor-element-31a79ca elementor-widget elementor-widget-theme-post-title elementor-page-title elementor-widget-heading\" data-id=\"31a79ca\" data-element_type=\"widget\" data-widget_type=\"theme-post-title.default\">\n\t\t\t\t<div class=\"elementor-widget-container\">\n\t\t\t\t\t<h2 class=\"elementor-heading-title elementor-size-default\"><a href=\"https:\/\/horizon-recruitment.com\/de\/horizine\/hkfintech-week-2024~5\/\">Die Hongkong Fintech Woche 2024<\/a><\/h2>\t\t\t\t<\/div>\n\t\t\t\t<\/div>\n\t\t\t\t<div class=\"elementor-element elementor-element-fa3d76d post-label elementor-widget elementor-widget-heading\" data-id=\"fa3d76d\" data-element_type=\"widget\" data-widget_type=\"heading.default\">\n\t\t\t\t<div class=\"elementor-widget-container\">\n\t\t\t\t\t<p class=\"elementor-heading-title elementor-size-default\">Bericht<\/p>\t\t\t\t<\/div>\n\t\t\t\t<\/div>\n\t\t\t\t<\/div>\n\t\t\t\t<\/article>\n\t\t\t\t<\/div>\n\t\t\t\t<\/div>\n\t\t\t\t<div data-elementor-type=\"loop-item\" data-elementor-id=\"4070\" class=\"elementor elementor-4070 e-loop-item e-loop-item-3986 post-3986 post type-post status-publish format-standard has-post-thumbnail hentry category-nicht-kategorisiert\" data-elementor-post-type=\"elementor_library\" data-custom-edit-handle=\"1\">\n\t\t\t<div class=\"elementor-element elementor-element-905e9de e-con-full e-flex Template-2 e-con e-parent\" data-id=\"905e9de\" data-element_type=\"container\" data-settings=\"{&quot;background_background&quot;:&quot;classic&quot;}\">\n\t\t<article class=\"elementor-element elementor-element-ea3e791 e-con-full e-flex e-con e-child\" data-id=\"ea3e791\" data-element_type=\"container\" data-settings=\"{&quot;background_background&quot;:&quot;classic&quot;}\">\n\t\t<a class=\"elementor-element elementor-element-9d85c86 e-con-full background-image e-flex e-con e-child\" data-id=\"9d85c86\" data-element_type=\"container\" href=\"https:\/\/horizon-recruitment.com\/de\/horizine\/horizon-at-angacom~1\/\">\n\t\t\t\t<div class=\"elementor-element elementor-element-3e10849 elementor-widget__width-inherit elementor-widget elementor-widget-image\" data-id=\"3e10849\" data-element_type=\"widget\" data-widget_type=\"image.default\">\n\t\t\t\t<div class=\"elementor-widget-container\">\n\t\t\t\t\t\t\t\t\t\t\t\t\t\t\t<img decoding=\"async\" width=\"1400\" height=\"934\" src=\"https:\/\/horizon-recruitment.com\/wp-content\/uploads\/2025\/03\/horizon-recruitment-3-1.jpg\" class=\"attachment-full size-full wp-image-3097\" alt=\"\" srcset=\"https:\/\/horizon-recruitment.com\/wp-content\/uploads\/2025\/03\/horizon-recruitment-3-1.jpg 1400w, https:\/\/horizon-recruitment.com\/wp-content\/uploads\/2025\/03\/horizon-recruitment-3-1-300x200.jpg 300w, https:\/\/horizon-recruitment.com\/wp-content\/uploads\/2025\/03\/horizon-recruitment-3-1-1024x683.jpg 1024w, https:\/\/horizon-recruitment.com\/wp-content\/uploads\/2025\/03\/horizon-recruitment-3-1-768x512.jpg 768w\" sizes=\"(max-width: 1400px) 100vw, 1400px\" \/>\t\t\t\t\t\t\t\t\t\t\t\t\t\t\t<\/div>\n\t\t\t\t<\/div>\n\t\t\t\t<\/a>\n\t\t<div class=\"elementor-element elementor-element-6edbdde e-con-full post-content e-flex e-con e-child\" data-id=\"6edbdde\" data-element_type=\"container\" data-settings=\"{&quot;position&quot;:&quot;absolute&quot;}\">\n\t\t\t\t<div class=\"elementor-element elementor-element-31a79ca elementor-widget elementor-widget-theme-post-title elementor-page-title elementor-widget-heading\" data-id=\"31a79ca\" data-element_type=\"widget\" data-widget_type=\"theme-post-title.default\">\n\t\t\t\t<div class=\"elementor-widget-container\">\n\t\t\t\t\t<h2 class=\"elementor-heading-title elementor-size-default\"><a href=\"https:\/\/horizon-recruitment.com\/de\/horizine\/horizon-at-angacom~1\/\">Horizon bei Angacom<\/a><\/h2>\t\t\t\t<\/div>\n\t\t\t\t<\/div>\n\t\t\t\t<div class=\"elementor-element elementor-element-fa3d76d post-label elementor-widget elementor-widget-heading\" data-id=\"fa3d76d\" data-element_type=\"widget\" data-widget_type=\"heading.default\">\n\t\t\t\t<div class=\"elementor-widget-container\">\n\t\t\t\t\t<p class=\"elementor-heading-title elementor-size-default\">Bericht<\/p>\t\t\t\t<\/div>\n\t\t\t\t<\/div>\n\t\t\t\t<\/div>\n\t\t\t\t<\/article>\n\t\t\t\t<\/div>\n\t\t\t\t<\/div>\n\t\t\t\t<div data-elementor-type=\"loop-item\" data-elementor-id=\"4070\" class=\"elementor elementor-4070 e-loop-item e-loop-item-4310 post-4310 post type-post status-publish format-standard has-post-thumbnail hentry category-nicht-kategorisiert\" data-elementor-post-type=\"elementor_library\" data-custom-edit-handle=\"1\">\n\t\t\t<div class=\"elementor-element elementor-element-905e9de e-con-full e-flex Template-3 e-con e-parent\" data-id=\"905e9de\" data-element_type=\"container\" data-settings=\"{&quot;background_background&quot;:&quot;classic&quot;}\">\n\t\t<article class=\"elementor-element elementor-element-ea3e791 e-con-full e-flex e-con e-child\" data-id=\"ea3e791\" data-element_type=\"container\" data-settings=\"{&quot;background_background&quot;:&quot;classic&quot;}\">\n\t\t<a class=\"elementor-element elementor-element-9d85c86 e-con-full background-image e-flex e-con e-child\" data-id=\"9d85c86\" data-element_type=\"container\" href=\"https:\/\/horizon-recruitment.com\/de\/horizine\/Jeffrey-Leung-on-diversity-and-inclusion-coming-soon\/\">\n\t\t\t\t<div class=\"elementor-element elementor-element-3e10849 elementor-widget__width-inherit elementor-widget elementor-widget-image\" data-id=\"3e10849\" data-element_type=\"widget\" data-widget_type=\"image.default\">\n\t\t\t\t<div class=\"elementor-widget-container\">\n\t\t\t\t\t\t\t\t\t\t\t\t\t\t\t<img decoding=\"async\" width=\"720\" height=\"625\" src=\"https:\/\/horizon-recruitment.com\/wp-content\/uploads\/2025\/03\/horizon-recruitment-4-1.jpg\" class=\"attachment-full size-full wp-image-3099\" alt=\"\" srcset=\"https:\/\/horizon-recruitment.com\/wp-content\/uploads\/2025\/03\/horizon-recruitment-4-1.jpg 720w, https:\/\/horizon-recruitment.com\/wp-content\/uploads\/2025\/03\/horizon-recruitment-4-1-300x260.jpg 300w\" sizes=\"(max-width: 720px) 100vw, 720px\" \/>\t\t\t\t\t\t\t\t\t\t\t\t\t\t\t<\/div>\n\t\t\t\t<\/div>\n\t\t\t\t<div class=\"elementor-element elementor-element-df4f539 elementor-widget__width-initial elementor-absolute elementor-widget elementor-widget-theme-post-excerpt\" data-id=\"df4f539\" data-element_type=\"widget\" data-settings=\"{&quot;_position&quot;:&quot;absolute&quot;}\" data-widget_type=\"theme-post-excerpt.default\">\n\t\t\t\t<div class=\"elementor-widget-container\">\n\t\t\t\t\t\u00fcber seine Ansichten im Artikel.\t\t\t\t<\/div>\n\t\t\t\t<\/div>\n\t\t\t\t<\/a>\n\t\t<div class=\"elementor-element elementor-element-6edbdde e-con-full post-content e-flex e-con e-child\" data-id=\"6edbdde\" data-element_type=\"container\" data-settings=\"{&quot;position&quot;:&quot;absolute&quot;}\">\n\t\t\t\t<div class=\"elementor-element elementor-element-31a79ca elementor-widget elementor-widget-theme-post-title elementor-page-title elementor-widget-heading\" data-id=\"31a79ca\" data-element_type=\"widget\" data-widget_type=\"theme-post-title.default\">\n\t\t\t\t<div class=\"elementor-widget-container\">\n\t\t\t\t\t<h2 class=\"elementor-heading-title elementor-size-default\"><a href=\"https:\/\/horizon-recruitment.com\/de\/horizine\/Jeffrey-Leung-on-diversity-and-inclusion-coming-soon\/\">Jeffrey Leung \u00fcber Vielfalt und Inklusion (in K\u00fcrze erh\u00e4ltlich)<\/a><\/h2>\t\t\t\t<\/div>\n\t\t\t\t<\/div>\n\t\t\t\t<div class=\"elementor-element elementor-element-84e66b2 elementor-widget elementor-widget-theme-post-excerpt\" data-id=\"84e66b2\" data-element_type=\"widget\" data-widget_type=\"theme-post-excerpt.default\">\n\t\t\t\t<div class=\"elementor-widget-container\">\n\t\t\t\t\t\u00fcber seine Ansichten im Artikel.\t\t\t\t<\/div>\n\t\t\t\t<\/div>\n\t\t\t\t<div class=\"elementor-element elementor-element-fa3d76d post-label elementor-widget elementor-widget-heading\" data-id=\"fa3d76d\" data-element_type=\"widget\" data-widget_type=\"heading.default\">\n\t\t\t\t<div class=\"elementor-widget-container\">\n\t\t\t\t\t<p class=\"elementor-heading-title elementor-size-default\">Interview<\/p>\t\t\t\t<\/div>\n\t\t\t\t<\/div>\n\t\t\t\t<\/div>\n\t\t\t\t<\/article>\n\t\t\t\t<\/div>\n\t\t\t\t<\/div>\n\t\t\t\t<div data-elementor-type=\"loop-item\" data-elementor-id=\"4070\" class=\"elementor elementor-4070 e-loop-item e-loop-item-4311 post-4311 post type-post status-publish format-standard hentry category-nicht-kategorisiert\" data-elementor-post-type=\"elementor_library\" data-custom-edit-handle=\"1\">\n\t\t\t<div class=\"elementor-element elementor-element-905e9de e-con-full e-flex Template-default e-con e-parent\" data-id=\"905e9de\" data-element_type=\"container\" data-settings=\"{&quot;background_background&quot;:&quot;classic&quot;}\">\n\t\t<article class=\"elementor-element elementor-element-ea3e791 e-con-full e-flex e-con e-child\" data-id=\"ea3e791\" data-element_type=\"container\" data-settings=\"{&quot;background_background&quot;:&quot;classic&quot;}\">\n\t\t<a class=\"elementor-element elementor-element-9d85c86 e-con-full background-image e-flex e-con e-child\" data-id=\"9d85c86\" data-element_type=\"container\" href=\"https:\/\/horizon-recruitment.com\/de\/horizine\/Gen-Z-Entering-the-workforce\/\">\n\t\t\t\t<div class=\"elementor-element elementor-element-df4f539 elementor-widget__width-initial elementor-absolute elementor-widget elementor-widget-theme-post-excerpt\" data-id=\"df4f539\" data-element_type=\"widget\" data-settings=\"{&quot;_position&quot;:&quot;absolute&quot;}\" data-widget_type=\"theme-post-excerpt.default\">\n\t\t\t\t<div class=\"elementor-widget-container\">\n\t\t\t\t\tNiki Lam mit ihren Gedanken zur Generation Z (in K\u00fcrze erh\u00e4ltlich)\t\t\t\t<\/div>\n\t\t\t\t<\/div>\n\t\t\t\t<\/a>\n\t\t<div class=\"elementor-element elementor-element-6edbdde e-con-full post-content e-flex e-con e-child\" data-id=\"6edbdde\" data-element_type=\"container\" data-settings=\"{&quot;position&quot;:&quot;absolute&quot;}\">\n\t\t\t\t<div class=\"elementor-element elementor-element-31a79ca elementor-widget elementor-widget-theme-post-title elementor-page-title elementor-widget-heading\" data-id=\"31a79ca\" data-element_type=\"widget\" data-widget_type=\"theme-post-title.default\">\n\t\t\t\t<div class=\"elementor-widget-container\">\n\t\t\t\t\t<h2 class=\"elementor-heading-title elementor-size-default\"><a href=\"https:\/\/horizon-recruitment.com\/de\/horizine\/Gen-Z-Entering-the-workforce\/\">Gen Z tritt ins Berufsleben ein<\/a><\/h2>\t\t\t\t<\/div>\n\t\t\t\t<\/div>\n\t\t\t\t<div class=\"elementor-element elementor-element-84e66b2 elementor-widget elementor-widget-theme-post-excerpt\" data-id=\"84e66b2\" data-element_type=\"widget\" data-widget_type=\"theme-post-excerpt.default\">\n\t\t\t\t<div class=\"elementor-widget-container\">\n\t\t\t\t\tNiki Lam mit ihren Gedanken zur Generation Z (in K\u00fcrze erh\u00e4ltlich)\t\t\t\t<\/div>\n\t\t\t\t<\/div>\n\t\t\t\t<div class=\"elementor-element elementor-element-fa3d76d post-label elementor-widget elementor-widget-heading\" data-id=\"fa3d76d\" data-element_type=\"widget\" data-widget_type=\"heading.default\">\n\t\t\t\t<div class=\"elementor-widget-container\">\n\t\t\t\t\t<p class=\"elementor-heading-title elementor-size-default\">Diskussion<\/p>\t\t\t\t<\/div>\n\t\t\t\t<\/div>\n\t\t\t\t<\/div>\n\t\t\t\t<\/article>\n\t\t\t\t<\/div>\n\t\t\t\t<\/div>\n\t\t\t\t<div data-elementor-type=\"loop-item\" data-elementor-id=\"4070\" class=\"elementor elementor-4070 e-loop-item e-loop-item-4312 post-4312 post type-post status-publish format-standard has-post-thumbnail hentry category-nicht-kategorisiert\" data-elementor-post-type=\"elementor_library\" data-custom-edit-handle=\"1\">\n\t\t\t<div class=\"elementor-element elementor-element-905e9de e-con-full e-flex Template-4 e-con e-parent\" data-id=\"905e9de\" data-element_type=\"container\" data-settings=\"{&quot;background_background&quot;:&quot;classic&quot;}\">\n\t\t<article class=\"elementor-element elementor-element-ea3e791 e-con-full e-flex e-con e-child\" data-id=\"ea3e791\" data-element_type=\"container\" data-settings=\"{&quot;background_background&quot;:&quot;classic&quot;}\">\n\t\t<a class=\"elementor-element elementor-element-9d85c86 e-con-full background-image e-flex e-con e-child\" data-id=\"9d85c86\" data-element_type=\"container\" href=\"https:\/\/horizon-recruitment.com\/de\/horizine\/Maxime-Bulhoff-on-pay-transparency-coming-soon\/\">\n\t\t\t\t<div class=\"elementor-element elementor-element-3e10849 elementor-widget__width-inherit elementor-widget elementor-widget-image\" data-id=\"3e10849\" data-element_type=\"widget\" data-widget_type=\"image.default\">\n\t\t\t\t<div class=\"elementor-widget-container\">\n\t\t\t\t\t\t\t\t\t\t\t\t\t\t\t<img loading=\"lazy\" decoding=\"async\" width=\"666\" height=\"666\" src=\"https:\/\/horizon-recruitment.com\/wp-content\/uploads\/2025\/03\/Maxime-Bulhoff-1.jpg\" class=\"attachment-full size-full wp-image-3620\" alt=\"\" srcset=\"https:\/\/horizon-recruitment.com\/wp-content\/uploads\/2025\/03\/Maxime-Bulhoff-1.jpg 666w, https:\/\/horizon-recruitment.com\/wp-content\/uploads\/2025\/03\/Maxime-Bulhoff-1-300x300.jpg 300w, https:\/\/horizon-recruitment.com\/wp-content\/uploads\/2025\/03\/Maxime-Bulhoff-1-150x150.jpg 150w\" sizes=\"(max-width: 666px) 100vw, 666px\" \/>\t\t\t\t\t\t\t\t\t\t\t\t\t\t\t<\/div>\n\t\t\t\t<\/div>\n\t\t\t\t<\/a>\n\t\t<div class=\"elementor-element elementor-element-6edbdde e-con-full post-content e-flex e-con e-child\" data-id=\"6edbdde\" data-element_type=\"container\" data-settings=\"{&quot;position&quot;:&quot;absolute&quot;}\">\n\t\t\t\t<div class=\"elementor-element elementor-element-31a79ca elementor-widget elementor-widget-theme-post-title elementor-page-title elementor-widget-heading\" data-id=\"31a79ca\" data-element_type=\"widget\" data-widget_type=\"theme-post-title.default\">\n\t\t\t\t<div class=\"elementor-widget-container\">\n\t\t\t\t\t<h2 class=\"elementor-heading-title elementor-size-default\"><a href=\"https:\/\/horizon-recruitment.com\/de\/horizine\/Maxime-Bulhoff-on-pay-transparency-coming-soon\/\">Maxime B\u00fclhoff on pay transparency (coming soon)<\/a><\/h2>\t\t\t\t<\/div>\n\t\t\t\t<\/div>\n\t\t\t\t<div class=\"elementor-element elementor-element-fa3d76d post-label elementor-widget elementor-widget-heading\" data-id=\"fa3d76d\" data-element_type=\"widget\" data-widget_type=\"heading.default\">\n\t\t\t\t<div class=\"elementor-widget-container\">\n\t\t\t\t\t<p class=\"elementor-heading-title elementor-size-default\">Interview<\/p>\t\t\t\t<\/div>\n\t\t\t\t<\/div>\n\t\t\t\t<\/div>\n\t\t\t\t<\/article>\n\t\t\t\t<\/div>\n\t\t\t\t<\/div>\n\t\t\t\t<\/div>\n\t\t\n\t\t\t\t\t\t<\/div>\n\t\t\t\t<\/div>\n\t\t\t\t<\/div>\n\t\t\t\t<\/div>\n\t\t","protected":false},"excerpt":{"rendered":"","protected":false},"author":1,"featured_media":0,"parent":0,"menu_order":0,"comment_status":"closed","ping_status":"closed","template":"","meta":{"_acf_changed":false,"footnotes":""},"class_list":["post-3076","page","type-page","status-publish","hentry"],"acf":[],"_links":{"self":[{"href":"https:\/\/horizon-recruitment.com\/de\/wp-json\/wp\/v2\/pages\/3076","targetHints":{"allow":["GET"]}}],"collection":[{"href":"https:\/\/horizon-recruitment.com\/de\/wp-json\/wp\/v2\/pages"}],"about":[{"href":"https:\/\/horizon-recruitment.com\/de\/wp-json\/wp\/v2\/types\/page"}],"author":[{"embeddable":true,"href":"https:\/\/horizon-recruitment.com\/de\/wp-json\/wp\/v2\/users\/1"}],"replies":[{"embeddable":true,"href":"https:\/\/horizon-recruitment.com\/de\/wp-json\/wp\/v2\/comments?post=3076"}],"version-history":[{"count":34,"href":"https:\/\/horizon-recruitment.com\/de\/wp-json\/wp\/v2\/pages\/3076\/revisions"}],"predecessor-version":[{"id":4309,"href":"https:\/\/horizon-recruitment.com\/de\/wp-json\/wp\/v2\/pages\/3076\/revisions\/4309"}],"wp:attachment":[{"href":"https:\/\/horizon-recruitment.com\/de\/wp-json\/wp\/v2\/media?parent=3076"}],"curies":[{"name":"wp","href":"https:\/\/api.w.org\/{rel}","templated":true}]}}